{"id":4144,"date":"2022-01-16T17:02:58","date_gmt":"2022-01-16T15:02:58","guid":{"rendered":"https:\/\/teemanditikand.ee\/?post_type=product&#038;p=4144"},"modified":"2025-10-09T07:13:35","modified_gmt":"2025-10-09T05:13:35","slug":"joonistusmarkmik-kaelkirjak","status":"publish","type":"product","link":"https:\/\/teemanditikand.ee\/lv\/products\/joonistusmarkmik-kaelkirjak\/","title":{"rendered":"Z\u012bm\u0113\u0161anas piez\u012bmju gr\u0101mati\u0146a \u017eirafe"},"content":{"rendered":"","protected":false},"excerpt":{"rendered":"<p>J\u0101iz\u0161uj pa\u0161am \ud83d\ude42<\/p>\n<p>21 \u00d7 15 cm<\/p>","protected":false},"featured_media":4145,"template":"","meta":[],"product_brand":[],"product_cat":[49],"product_tag":[],"class_list":{"0":"post-4144","1":"product","2":"type-product","3":"status-publish","4":"has-post-thumbnail","6":"product_cat-muud-tooted","7":"thunk-woo-product-list","8":"opn-qv-enable","9":"open-woo-hover-none","10":"open-single-product-tab-horizontal","11":"open-shadow-","12":"open-shadow-hover-","14":"first","15":"instock","16":"shipping-taxable","17":"purchasable","18":"product-type-simple"},"_links":{"self":[{"href":"https:\/\/teemanditikand.ee\/lv\/wp-json\/wp\/v2\/product\/4144","targetHints":{"allow":["GET"]}}],"collection":[{"href":"https:\/\/teemanditikand.ee\/lv\/wp-json\/wp\/v2\/product"}],"about":[{"href":"https:\/\/teemanditikand.ee\/lv\/wp-json\/wp\/v2\/types\/product"}],"wp:featuredmedia":[{"embeddable":true,"href":"https:\/\/teemanditikand.ee\/lv\/wp-json\/wp\/v2\/media\/4145"}],"wp:attachment":[{"href":"https:\/\/teemanditikand.ee\/lv\/wp-json\/wp\/v2\/media?parent=4144"}],"wp:term":[{"taxonomy":"product_brand","embeddable":true,"href":"https:\/\/teemanditikand.ee\/lv\/wp-json\/wp\/v2\/product_brand?post=4144"},{"taxonomy":"product_cat","embeddable":true,"href":"https:\/\/teemanditikand.ee\/lv\/wp-json\/wp\/v2\/product_cat?post=4144"},{"taxonomy":"product_tag","embeddable":true,"href":"https:\/\/teemanditikand.ee\/lv\/wp-json\/wp\/v2\/product_tag?post=4144"}],"curies":[{"name":"wp","href":"https:\/\/api.w.org\/{rel}","templated":true}]}}