{"id":5001,"date":"2022-03-23T15:42:59","date_gmt":"2022-03-23T13:42:59","guid":{"rendered":"https:\/\/teemanditikand.ee\/?post_type=product&#038;p=5001"},"modified":"2026-03-28T10:28:52","modified_gmt":"2026-03-28T08:28:52","slug":"joonistusmarkmik-ukssarvik-hobune","status":"publish","type":"product","link":"https:\/\/teemanditikand.ee\/lv\/products\/joonistusmarkmik-ukssarvik-hobune\/","title":{"rendered":"Z\u012bm\u0113\u0161anas piez\u012bmju gr\u0101mati\u0146a Vienradzis zirgs"},"content":{"rendered":"","protected":false},"excerpt":{"rendered":"<p>J\u0101iz\u0161uj pa\u0161am \ud83d\ude42<\/p>","protected":false},"featured_media":5002,"template":"","meta":[],"product_brand":[],"product_cat":[49],"product_tag":[],"class_list":{"0":"post-5001","1":"product","2":"type-product","3":"status-publish","4":"has-post-thumbnail","6":"product_cat-muud-tooted","7":"thunk-woo-product-list","8":"opn-qv-enable","9":"open-woo-hover-none","10":"open-single-product-tab-horizontal","11":"open-shadow-","12":"open-shadow-hover-","14":"first","15":"instock","16":"sale","17":"shipping-taxable","18":"purchasable","19":"product-type-simple"},"_links":{"self":[{"href":"https:\/\/teemanditikand.ee\/lv\/wp-json\/wp\/v2\/product\/5001","targetHints":{"allow":["GET"]}}],"collection":[{"href":"https:\/\/teemanditikand.ee\/lv\/wp-json\/wp\/v2\/product"}],"about":[{"href":"https:\/\/teemanditikand.ee\/lv\/wp-json\/wp\/v2\/types\/product"}],"wp:featuredmedia":[{"embeddable":true,"href":"https:\/\/teemanditikand.ee\/lv\/wp-json\/wp\/v2\/media\/5002"}],"wp:attachment":[{"href":"https:\/\/teemanditikand.ee\/lv\/wp-json\/wp\/v2\/media?parent=5001"}],"wp:term":[{"taxonomy":"product_brand","embeddable":true,"href":"https:\/\/teemanditikand.ee\/lv\/wp-json\/wp\/v2\/product_brand?post=5001"},{"taxonomy":"product_cat","embeddable":true,"href":"https:\/\/teemanditikand.ee\/lv\/wp-json\/wp\/v2\/product_cat?post=5001"},{"taxonomy":"product_tag","embeddable":true,"href":"https:\/\/teemanditikand.ee\/lv\/wp-json\/wp\/v2\/product_tag?post=5001"}],"curies":[{"name":"wp","href":"https:\/\/api.w.org\/{rel}","templated":true}]}}