{"id":5495,"date":"2022-05-14T18:44:23","date_gmt":"2022-05-14T16:44:23","guid":{"rendered":"https:\/\/teemanditikand.ee\/?post_type=product&#038;p=5495"},"modified":"2026-03-26T08:08:00","modified_gmt":"2026-03-26T06:08:00","slug":"kollane-mandala-30x30-cm","status":"publish","type":"product","link":"https:\/\/teemanditikand.ee\/lv\/products\/kollane-mandala-30x30-cm\/","title":{"rendered":"Dzeltena Mandala 30\u00d730 cm"},"content":{"rendered":"","protected":false},"excerpt":{"rendered":"<p><strong>L\u016aDZU, \u0145EMIET V\u0112R\u0100: \u0160is dimanta iz\u0161uvums nav 100% dimanta iz\u0161uvums \u2013 tas ir da\u013c\u0113ji iz\u0161\u016bts dimanta iz\u0161uvums!<\/strong><\/p>","protected":false},"featured_media":5496,"template":"","meta":[],"product_brand":[],"product_cat":[24,70],"product_tag":[],"class_list":{"0":"post-5495","1":"product","2":"type-product","3":"status-publish","4":"has-post-thumbnail","6":"product_cat-30x30cm","7":"product_cat-osaliselt-tikitava-teemanditikandid","8":"thunk-woo-product-list","9":"opn-qv-enable","10":"open-woo-hover-none","11":"open-single-product-tab-horizontal","12":"open-shadow-","13":"open-shadow-hover-","15":"first","16":"instock","17":"sale","18":"shipping-taxable","19":"purchasable","20":"product-type-simple"},"_links":{"self":[{"href":"https:\/\/teemanditikand.ee\/lv\/wp-json\/wp\/v2\/product\/5495","targetHints":{"allow":["GET"]}}],"collection":[{"href":"https:\/\/teemanditikand.ee\/lv\/wp-json\/wp\/v2\/product"}],"about":[{"href":"https:\/\/teemanditikand.ee\/lv\/wp-json\/wp\/v2\/types\/product"}],"wp:featuredmedia":[{"embeddable":true,"href":"https:\/\/teemanditikand.ee\/lv\/wp-json\/wp\/v2\/media\/5496"}],"wp:attachment":[{"href":"https:\/\/teemanditikand.ee\/lv\/wp-json\/wp\/v2\/media?parent=5495"}],"wp:term":[{"taxonomy":"product_brand","embeddable":true,"href":"https:\/\/teemanditikand.ee\/lv\/wp-json\/wp\/v2\/product_brand?post=5495"},{"taxonomy":"product_cat","embeddable":true,"href":"https:\/\/teemanditikand.ee\/lv\/wp-json\/wp\/v2\/product_cat?post=5495"},{"taxonomy":"product_tag","embeddable":true,"href":"https:\/\/teemanditikand.ee\/lv\/wp-json\/wp\/v2\/product_tag?post=5495"}],"curies":[{"name":"wp","href":"https:\/\/api.w.org\/{rel}","templated":true}]}}