{"id":6522,"date":"2022-10-02T13:54:03","date_gmt":"2022-10-02T11:54:03","guid":{"rendered":"https:\/\/teemanditikand.ee\/?post_type=product&#038;p=6522"},"modified":"2025-12-15T11:58:55","modified_gmt":"2025-12-15T09:58:55","slug":"suur-ripats-jouluvana","status":"publish","type":"product","link":"https:\/\/teemanditikand.ee\/lv\/products\/suur-ripats-jouluvana\/","title":{"rendered":"Suur Ripats j\u00f5uluvana"},"content":{"rendered":"","protected":false},"excerpt":{"rendered":"<p>Komplekt\u0101 ir \u0137\u0113d\u012bte.<\/p>\n<p>Var izmantot k\u0101 dekor\u0101ciju un karin\u0101t, kur vien v\u0113laties. J\u0101b\u016bt gatavam pa\u0161am iz\u0161\u016bt.<\/p>","protected":false},"featured_media":6523,"template":"","meta":[],"product_brand":[],"product_cat":[49],"product_tag":[],"class_list":{"0":"post-6522","1":"product","2":"type-product","3":"status-publish","4":"has-post-thumbnail","6":"product_cat-muud-tooted","7":"thunk-woo-product-list","8":"opn-qv-enable","9":"open-woo-hover-none","10":"open-single-product-tab-horizontal","11":"open-shadow-","12":"open-shadow-hover-","14":"first","15":"instock","16":"sale","17":"shipping-taxable","18":"purchasable","19":"product-type-simple"},"_links":{"self":[{"href":"https:\/\/teemanditikand.ee\/lv\/wp-json\/wp\/v2\/product\/6522","targetHints":{"allow":["GET"]}}],"collection":[{"href":"https:\/\/teemanditikand.ee\/lv\/wp-json\/wp\/v2\/product"}],"about":[{"href":"https:\/\/teemanditikand.ee\/lv\/wp-json\/wp\/v2\/types\/product"}],"wp:featuredmedia":[{"embeddable":true,"href":"https:\/\/teemanditikand.ee\/lv\/wp-json\/wp\/v2\/media\/6523"}],"wp:attachment":[{"href":"https:\/\/teemanditikand.ee\/lv\/wp-json\/wp\/v2\/media?parent=6522"}],"wp:term":[{"taxonomy":"product_brand","embeddable":true,"href":"https:\/\/teemanditikand.ee\/lv\/wp-json\/wp\/v2\/product_brand?post=6522"},{"taxonomy":"product_cat","embeddable":true,"href":"https:\/\/teemanditikand.ee\/lv\/wp-json\/wp\/v2\/product_cat?post=6522"},{"taxonomy":"product_tag","embeddable":true,"href":"https:\/\/teemanditikand.ee\/lv\/wp-json\/wp\/v2\/product_tag?post=6522"}],"curies":[{"name":"wp","href":"https:\/\/api.w.org\/{rel}","templated":true}]}}