{"id":7733,"date":"2023-02-07T17:45:44","date_gmt":"2023-02-07T15:45:44","guid":{"rendered":"https:\/\/teemanditikand.ee\/?post_type=product&#038;p=7733"},"modified":"2026-01-12T18:50:13","modified_gmt":"2026-01-12T16:50:13","slug":"metallist-otsikutega-paigalduspliiats","status":"publish","type":"product","link":"https:\/\/teemanditikand.ee\/lv\/products\/metallist-otsikutega-paigalduspliiats\/","title":{"rendered":"Instal\u0101cijas pildspalva ar met\u0101la galiem"},"content":{"rendered":"","protected":false},"excerpt":{"rendered":"<p>1 uzst\u0101d\u012b\u0161anas pildspalva + 1 uzgalis (var uzst\u0101d\u012bt ar 6 sprausl\u0101m)<\/p>","protected":false},"featured_media":7734,"template":"","meta":[],"product_brand":[],"product_cat":[19],"product_tag":[],"class_list":{"0":"post-7733","1":"product","2":"type-product","3":"status-publish","4":"has-post-thumbnail","6":"product_cat-akssessuaarid","7":"thunk-woo-product-list","8":"opn-qv-enable","9":"open-woo-hover-none","10":"open-single-product-tab-horizontal","11":"open-shadow-","12":"open-shadow-hover-","14":"first","15":"instock","16":"shipping-taxable","17":"purchasable","18":"product-type-simple"},"_links":{"self":[{"href":"https:\/\/teemanditikand.ee\/lv\/wp-json\/wp\/v2\/product\/7733","targetHints":{"allow":["GET"]}}],"collection":[{"href":"https:\/\/teemanditikand.ee\/lv\/wp-json\/wp\/v2\/product"}],"about":[{"href":"https:\/\/teemanditikand.ee\/lv\/wp-json\/wp\/v2\/types\/product"}],"wp:featuredmedia":[{"embeddable":true,"href":"https:\/\/teemanditikand.ee\/lv\/wp-json\/wp\/v2\/media\/7734"}],"wp:attachment":[{"href":"https:\/\/teemanditikand.ee\/lv\/wp-json\/wp\/v2\/media?parent=7733"}],"wp:term":[{"taxonomy":"product_brand","embeddable":true,"href":"https:\/\/teemanditikand.ee\/lv\/wp-json\/wp\/v2\/product_brand?post=7733"},{"taxonomy":"product_cat","embeddable":true,"href":"https:\/\/teemanditikand.ee\/lv\/wp-json\/wp\/v2\/product_cat?post=7733"},{"taxonomy":"product_tag","embeddable":true,"href":"https:\/\/teemanditikand.ee\/lv\/wp-json\/wp\/v2\/product_tag?post=7733"}],"curies":[{"name":"wp","href":"https:\/\/api.w.org\/{rel}","templated":true}]}}