{"id":7748,"date":"2023-02-07T18:10:17","date_gmt":"2023-02-07T16:10:17","guid":{"rendered":"https:\/\/teemanditikand.ee\/?post_type=product&#038;p=7748"},"modified":"2026-03-26T08:07:18","modified_gmt":"2026-03-26T06:07:18","slug":"helendav-teemanditikand-tuletorn-30x40-cm","status":"publish","type":"product","link":"https:\/\/teemanditikand.ee\/lv\/products\/helendav-teemanditikand-tuletorn-30x40-cm\/","title":{"rendered":"Gaismas dimanta iz\u0161uvumu b\u0101ka 30\u00d740 cm"},"content":{"rendered":"","protected":false},"excerpt":{"rendered":"<p>J\u0101b\u016bt gatavam pa\u0161am iz\u0161\u016bt \ud83d\ude42<\/p>","protected":false},"featured_media":7749,"template":"","meta":[],"product_brand":[],"product_cat":[20,50],"product_tag":[],"class_list":{"0":"post-7748","1":"product","2":"type-product","3":"status-publish","4":"has-post-thumbnail","6":"product_cat-30x40cm","7":"product_cat-led-teemantmaal","8":"thunk-woo-product-list","9":"opn-qv-enable","10":"open-woo-hover-none","11":"open-single-product-tab-horizontal","12":"open-shadow-","13":"open-shadow-hover-","15":"first","16":"instock","17":"sale","18":"shipping-taxable","19":"purchasable","20":"product-type-simple"},"_links":{"self":[{"href":"https:\/\/teemanditikand.ee\/lv\/wp-json\/wp\/v2\/product\/7748","targetHints":{"allow":["GET"]}}],"collection":[{"href":"https:\/\/teemanditikand.ee\/lv\/wp-json\/wp\/v2\/product"}],"about":[{"href":"https:\/\/teemanditikand.ee\/lv\/wp-json\/wp\/v2\/types\/product"}],"wp:featuredmedia":[{"embeddable":true,"href":"https:\/\/teemanditikand.ee\/lv\/wp-json\/wp\/v2\/media\/7749"}],"wp:attachment":[{"href":"https:\/\/teemanditikand.ee\/lv\/wp-json\/wp\/v2\/media?parent=7748"}],"wp:term":[{"taxonomy":"product_brand","embeddable":true,"href":"https:\/\/teemanditikand.ee\/lv\/wp-json\/wp\/v2\/product_brand?post=7748"},{"taxonomy":"product_cat","embeddable":true,"href":"https:\/\/teemanditikand.ee\/lv\/wp-json\/wp\/v2\/product_cat?post=7748"},{"taxonomy":"product_tag","embeddable":true,"href":"https:\/\/teemanditikand.ee\/lv\/wp-json\/wp\/v2\/product_tag?post=7748"}],"curies":[{"name":"wp","href":"https:\/\/api.w.org\/{rel}","templated":true}]}}