{"id":7750,"date":"2023-02-07T18:11:36","date_gmt":"2023-02-07T16:11:36","guid":{"rendered":"https:\/\/teemanditikand.ee\/?post_type=product&#038;p=7750"},"modified":"2023-12-06T10:44:11","modified_gmt":"2023-12-06T08:44:11","slug":"helendav-teemanditikand-naine-30x40-cm","status":"publish","type":"product","link":"https:\/\/teemanditikand.ee\/lv\/products\/helendav-teemanditikand-naine-30x40-cm\/","title":{"rendered":"Gaismas dimanta iz\u0161uvums sieviete 30\u00d740 cm"},"content":{"rendered":"","protected":false},"excerpt":{"rendered":"<p><strong>L\u016aDZU, \u0145EMIET V\u0112R\u0100: \u0160is dimanta iz\u0161uvums nav 100% dimanta iz\u0161uvums \u2013 tas ir da\u013c\u0113ji iz\u0161\u016bts dimanta iz\u0161uvums!<\/strong><\/p>","protected":false},"featured_media":7751,"template":"","meta":[],"product_brand":[],"product_cat":[20,50],"product_tag":[],"class_list":{"0":"post-7750","1":"product","2":"type-product","3":"status-publish","4":"has-post-thumbnail","6":"product_cat-30x40cm","7":"product_cat-led-teemantmaal","8":"thunk-woo-product-list","9":"opn-qv-enable","10":"open-woo-hover-none","11":"open-single-product-tab-horizontal","12":"open-shadow-","13":"open-shadow-hover-","15":"first","16":"instock","17":"sale","18":"shipping-taxable","19":"purchasable","20":"product-type-simple"},"_links":{"self":[{"href":"https:\/\/teemanditikand.ee\/lv\/wp-json\/wp\/v2\/product\/7750","targetHints":{"allow":["GET"]}}],"collection":[{"href":"https:\/\/teemanditikand.ee\/lv\/wp-json\/wp\/v2\/product"}],"about":[{"href":"https:\/\/teemanditikand.ee\/lv\/wp-json\/wp\/v2\/types\/product"}],"wp:featuredmedia":[{"embeddable":true,"href":"https:\/\/teemanditikand.ee\/lv\/wp-json\/wp\/v2\/media\/7751"}],"wp:attachment":[{"href":"https:\/\/teemanditikand.ee\/lv\/wp-json\/wp\/v2\/media?parent=7750"}],"wp:term":[{"taxonomy":"product_brand","embeddable":true,"href":"https:\/\/teemanditikand.ee\/lv\/wp-json\/wp\/v2\/product_brand?post=7750"},{"taxonomy":"product_cat","embeddable":true,"href":"https:\/\/teemanditikand.ee\/lv\/wp-json\/wp\/v2\/product_cat?post=7750"},{"taxonomy":"product_tag","embeddable":true,"href":"https:\/\/teemanditikand.ee\/lv\/wp-json\/wp\/v2\/product_tag?post=7750"}],"curies":[{"name":"wp","href":"https:\/\/api.w.org\/{rel}","templated":true}]}}