{"id":16718,"date":"2025-02-19T13:25:51","date_gmt":"2025-02-19T11:25:51","guid":{"rendered":"https:\/\/teemanditikand.ee\/?post_type=product&#038;p=16718"},"modified":"2026-01-05T15:34:15","modified_gmt":"2026-01-05T13:34:15","slug":"ullatuspilt-40x40-cm-35x35viimane-saadaval","status":"publish","type":"product","link":"https:\/\/teemanditikand.ee\/ru\/product\/ullatuspilt-40x40-cm-35x35viimane-saadaval\/","title":{"rendered":"\u00dcllatuspilt 40&#215;40 cm (35&#215;35)"},"content":{"rendered":"","protected":false},"excerpt":{"rendered":"<ul>\n<li dir=\"ltr\" data-placeholder=\"T\u00f5lge\"><strong>\u041f\u041e\u0414\u041f\u0418\u0428\u0418\u0422\u0415\u0421\u042c \u0418 \u0423\u0417\u041d\u0410\u0419\u0422\u0415.<\/strong><br \/>\n<strong>\u041c\u044b \u0432\u044b\u0448\u043b\u0435\u043c \u0432\u0430\u043c \u0444\u043e\u0442\u043e\u0433\u0440\u0430\u0444\u0438\u044e-\u0441\u044e\u0440\u043f\u0440\u0438\u0437, <\/strong><strong>on kohe laos olemas!<\/strong><\/li>\n<li id=\"tw-target-text\" class=\"tw-data-text tw-text-large tw-ta\" dir=\"ltr\" data-placeholder=\"T\u00f5lge\"><strong><span class=\"Y2IQFc\" lang=\"et\">Palju erinevaid disaine! L\u00f5uendi suurus: 40\u00d740 cm Pildi suurus: 35\u00d735 cm<\/span><\/strong><\/li>\n<\/ul>\n<p>\u0412\u0441\u044f \u043f\u0440\u043e\u0434\u0430\u0432\u0430\u0435\u043c\u0430\u044f \u043d\u0430\u043c\u0438 \u0430\u043b\u043c\u0430\u0437\u043d\u0430\u044f \u0432\u044b\u0448\u0438\u0432\u043a\u0430 \u043a\u043e\u043c\u043f\u043b\u0435\u043a\u0442\u0443\u0435\u0442\u0441\u044f: \u041a\u0430\u0447\u0435\u0441\u0442\u0432\u0435\u043d\u043d\u043e\u0439 \u043e\u0441\u043d\u043e\u0432\u043e\u0439 (\u0441 \u043a\u043b\u0435\u0435\u043c), \u043d\u0430 \u043a\u043e\u0442\u043e\u0440\u0443\u044e \u043a\u0440\u0435\u043f\u044f\u0442\u0441\u044f \u0430\u043b\u043c\u0430\u0437\u044b, \u0430\u043a\u0440\u0438\u043b\u043e\u0432\u044b\u043c\u0438 \u0430\u043b\u043c\u0430\u0437\u0430\u043c\u0438, \u043e\u0441\u043d\u043e\u0432\u043e\u0439 \u0434\u043b\u044f \u0445\u0440\u0430\u043d\u0435\u043d\u0438\u044f \u0430\u043b\u043c\u0430\u0437\u043e\u0432, \u0443\u0441\u0442\u0430\u043d\u043e\u0432\u043e\u0447\u043d\u043e\u0439 \u0440\u0443\u0447\u043a\u043e\u0439, \u0432\u043e\u0441\u043a\u043e\u043c \u0434\u043b\u044f \u0443\u0441\u0442\u0430\u043d\u043e\u0432\u043e\u0447\u043d\u043e\u0439 \u0440\u0443\u0447\u043a\u0438.<\/p>","protected":false},"featured_media":16720,"template":"","meta":[],"product_brand":[],"product_cat":[21,56],"product_tag":[],"class_list":{"0":"post-16718","1":"product","2":"type-product","3":"status-publish","4":"has-post-thumbnail","6":"product_cat-40x40cm","7":"product_cat-loodus","8":"thunk-woo-product-list","9":"opn-qv-enable","10":"open-woo-hover-none","11":"open-single-product-tab-horizontal","12":"open-shadow-","13":"open-shadow-hover-","15":"first","16":"instock","17":"shipping-taxable","18":"purchasable","19":"product-type-simple"},"_links":{"self":[{"href":"https:\/\/teemanditikand.ee\/ru\/wp-json\/wp\/v2\/product\/16718","targetHints":{"allow":["GET"]}}],"collection":[{"href":"https:\/\/teemanditikand.ee\/ru\/wp-json\/wp\/v2\/product"}],"about":[{"href":"https:\/\/teemanditikand.ee\/ru\/wp-json\/wp\/v2\/types\/product"}],"wp:featuredmedia":[{"embeddable":true,"href":"https:\/\/teemanditikand.ee\/ru\/wp-json\/wp\/v2\/media\/16720"}],"wp:attachment":[{"href":"https:\/\/teemanditikand.ee\/ru\/wp-json\/wp\/v2\/media?parent=16718"}],"wp:term":[{"taxonomy":"product_brand","embeddable":true,"href":"https:\/\/teemanditikand.ee\/ru\/wp-json\/wp\/v2\/product_brand?post=16718"},{"taxonomy":"product_cat","embeddable":true,"href":"https:\/\/teemanditikand.ee\/ru\/wp-json\/wp\/v2\/product_cat?post=16718"},{"taxonomy":"product_tag","embeddable":true,"href":"https:\/\/teemanditikand.ee\/ru\/wp-json\/wp\/v2\/product_tag?post=16718"}],"curies":[{"name":"wp","href":"https:\/\/api.w.org\/{rel}","templated":true}]}}