{"id":18558,"date":"2025-07-09T14:09:53","date_gmt":"2025-07-09T12:09:53","guid":{"rendered":"https:\/\/teemanditikand.ee\/?post_type=product&#038;p=18558"},"modified":"2025-07-09T14:09:53","modified_gmt":"2025-07-09T12:09:53","slug":"kassliblikad-30x40-cm-25x35","status":"publish","type":"product","link":"https:\/\/teemanditikand.ee\/ru\/product\/kassliblikad-30x40-cm-25x35\/","title":{"rendered":"Kass&#038;Liblikad 30&#215;40 cm (25&#215;35)"},"content":{"rendered":"","protected":false},"excerpt":{"rendered":"<h4 id=\"tw-target-text\" class=\"tw-data-text tw-text-large tw-ta\" dir=\"ltr\" data-placeholder=\"T\u00f5lge\"><strong><span class=\"Y2IQFc\" lang=\"et\">\u0420\u0430\u0437\u043c\u0435\u0440 \u0445\u043e\u043b\u0441\u0442\u0430: 30\u00d740 \u0441\u043c. \u0420\u0430\u0437\u043c\u0435\u0440 \u0438\u0437\u043e\u0431\u0440\u0430\u0436\u0435\u043d\u0438\u044f: 25\u00d735 \u0441\u043c.<\/span><\/strong><\/h4>\n<p>K\u00f5igi meie m\u00fc\u00fcdavate teemanditikanditega on kaasas: Kvaliteetne alus(liimiga) kuhu paigaldate teemandid, akr\u00fc\u00fclteemandid, alus teemandite hoidmiseks, paigalduspliiats, vaha paigalduspliiatsile.<\/p>","protected":false},"featured_media":18559,"template":"","meta":[],"product_brand":[],"product_cat":[74,20,53],"product_tag":[],"class_list":{"0":"post-18558","1":"product","2":"type-product","3":"status-publish","4":"has-post-thumbnail","6":"product_cat-25x35-cm","7":"product_cat-30x40cm","8":"product_cat-loomad","9":"thunk-woo-product-list","10":"opn-qv-enable","11":"open-woo-hover-none","12":"open-single-product-tab-horizontal","13":"open-shadow-","14":"open-shadow-hover-","16":"first","17":"instock","18":"shipping-taxable","19":"purchasable","20":"product-type-simple"},"_links":{"self":[{"href":"https:\/\/teemanditikand.ee\/ru\/wp-json\/wp\/v2\/product\/18558","targetHints":{"allow":["GET"]}}],"collection":[{"href":"https:\/\/teemanditikand.ee\/ru\/wp-json\/wp\/v2\/product"}],"about":[{"href":"https:\/\/teemanditikand.ee\/ru\/wp-json\/wp\/v2\/types\/product"}],"wp:featuredmedia":[{"embeddable":true,"href":"https:\/\/teemanditikand.ee\/ru\/wp-json\/wp\/v2\/media\/18559"}],"wp:attachment":[{"href":"https:\/\/teemanditikand.ee\/ru\/wp-json\/wp\/v2\/media?parent=18558"}],"wp:term":[{"taxonomy":"product_brand","embeddable":true,"href":"https:\/\/teemanditikand.ee\/ru\/wp-json\/wp\/v2\/product_brand?post=18558"},{"taxonomy":"product_cat","embeddable":true,"href":"https:\/\/teemanditikand.ee\/ru\/wp-json\/wp\/v2\/product_cat?post=18558"},{"taxonomy":"product_tag","embeddable":true,"href":"https:\/\/teemanditikand.ee\/ru\/wp-json\/wp\/v2\/product_tag?post=18558"}],"curies":[{"name":"wp","href":"https:\/\/api.w.org\/{rel}","templated":true}]}}